{"id":1477,"date":"2026-02-25T02:55:10","date_gmt":"2026-02-25T02:55:10","guid":{"rendered":"https:\/\/live-in-malaysia.com\/a-propos-de-nous-et-securite\/"},"modified":"2026-04-09T08:49:03","modified_gmt":"2026-04-09T08:49:03","slug":"a-propos-de-nous-et-securite","status":"publish","type":"page","link":"https:\/\/live-in-malaysia.com\/fr\/a-propos-de-nous-et-securite\/","title":{"rendered":"\u00c0 propos de nous et s\u00e9curit\u00e9"},"content":{"rendered":"","protected":false},"excerpt":{"rendered":"","protected":false},"author":2,"featured_media":0,"parent":0,"menu_order":0,"comment_status":"closed","ping_status":"closed","template":"","meta":{"_acf_changed":false,"footnotes":""},"class_list":["post-1477","page","type-page","status-publish","hentry"],"acf":[],"_links":{"self":[{"href":"https:\/\/live-in-malaysia.com\/fr\/wp-json\/wp\/v2\/pages\/1477","targetHints":{"allow":["GET"]}}],"collection":[{"href":"https:\/\/live-in-malaysia.com\/fr\/wp-json\/wp\/v2\/pages"}],"about":[{"href":"https:\/\/live-in-malaysia.com\/fr\/wp-json\/wp\/v2\/types\/page"}],"author":[{"embeddable":true,"href":"https:\/\/live-in-malaysia.com\/fr\/wp-json\/wp\/v2\/users\/2"}],"replies":[{"embeddable":true,"href":"https:\/\/live-in-malaysia.com\/fr\/wp-json\/wp\/v2\/comments?post=1477"}],"version-history":[{"count":4,"href":"https:\/\/live-in-malaysia.com\/fr\/wp-json\/wp\/v2\/pages\/1477\/revisions"}],"predecessor-version":[{"id":1612,"href":"https:\/\/live-in-malaysia.com\/fr\/wp-json\/wp\/v2\/pages\/1477\/revisions\/1612"}],"wp:attachment":[{"href":"https:\/\/live-in-malaysia.com\/fr\/wp-json\/wp\/v2\/media?parent=1477"}],"curies":[{"name":"wp","href":"https:\/\/api.w.org\/{rel}","templated":true}]}}